{"id":1355,"date":"2026-03-03T16:10:41","date_gmt":"2026-03-03T16:10:41","guid":{"rendered":"https:\/\/safyfly.com\/?page_id=1355"},"modified":"2026-03-22T18:26:46","modified_gmt":"2026-03-22T18:26:46","slug":"free-ulm-logbook-template","status":"publish","type":"page","link":"https:\/\/safyfly.com\/en\/free-ulm-logbook-template\/","title":{"rendered":"Page t\u00e9l\u00e9chargement d\u00e9mo"},"content":{"rendered":"<div class=\"wp-block-group alignfull has-global-padding is-layout-constrained wp-block-group-is-layout-constrained\" style=\"margin-top:0;margin-bottom:0;padding-top:var(--wp--preset--spacing--50);padding-bottom:var(--wp--preset--spacing--50)\">\n<div class=\"wp-block-columns alignwide is-layout-flex wp-container-core-columns-is-layout-47c06fe3 wp-block-columns-is-layout-flex\">\n<div class=\"wp-block-column is-layout-flow wp-block-column-is-layout-flow\" style=\"flex-basis:56%\">\n<figure class=\"wp-block-image size-full\"><img loading=\"lazy\" decoding=\"async\" width=\"1536\" height=\"1024\" src=\"https:\/\/safyfly.com\/wp-content\/uploads\/2026\/02\/Logo-SafyFly-avec-avion-stylise-5.png\" alt=\"\" class=\"wp-image-704\" style=\"aspect-ratio:1;object-fit:cover\" srcset=\"https:\/\/safyfly.com\/wp-content\/uploads\/2026\/02\/Logo-SafyFly-avec-avion-stylise-5.png 1536w, https:\/\/safyfly.com\/wp-content\/uploads\/2026\/02\/Logo-SafyFly-avec-avion-stylise-5-300x200.png 300w, https:\/\/safyfly.com\/wp-content\/uploads\/2026\/02\/Logo-SafyFly-avec-avion-stylise-5-1024x683.png 1024w, https:\/\/safyfly.com\/wp-content\/uploads\/2026\/02\/Logo-SafyFly-avec-avion-stylise-5-768x512.png 768w\" sizes=\"auto, (max-width: 1536px) 100vw, 1536px\" \/><\/figure>\n<\/div>\n\n\n\n<div class=\"wp-block-column is-vertically-aligned-center is-layout-flow wp-container-core-column-is-layout-119bc444 wp-block-column-is-layout-flow\">\n<h2 class=\"wp-block-heading\">Thank You<\/h2>\n\n\n\n<p>You just need to click below to get the free demo version.<\/p>\n\n\n\n<div class=\"wp-block-buttons is-layout-flex wp-block-buttons-is-layout-flex\">\n<div class=\"wp-block-button\"><a class=\"wp-block-button__link wp-element-button\" href=\"https:\/\/safyfly.com\/wp-content\/uploads\/2026\/03\/SafyFly_Modele_PRO_V2.xlsx\">Download<\/a><\/div>\n<\/div>\n<\/div>\n<\/div>\n<\/div>","protected":false},"excerpt":{"rendered":"<p>Merci Il vous suffit maintenant de cliquer pour obtenir gratuitement la version d\u00e9mo.<\/p>","protected":false},"author":1,"featured_media":0,"parent":0,"menu_order":0,"comment_status":"closed","ping_status":"closed","template":"","meta":{"_uag_custom_page_level_css":"","footnotes":""},"class_list":["post-1355","page","type-page","status-publish","hentry"],"uagb_featured_image_src":{"full":false,"thumbnail":false,"medium":false,"medium_large":false,"large":false,"1536x1536":false,"2048x2048":false,"trp-custom-language-flag":false},"uagb_author_info":{"display_name":"admin","author_link":"https:\/\/safyfly.com\/en\/author\/admin\/"},"uagb_comment_info":0,"uagb_excerpt":"Merci Il vous suffit maintenant de cliquer pour obtenir gratuitement la version d\u00e9mo.","_links":{"self":[{"href":"https:\/\/safyfly.com\/en\/wp-json\/wp\/v2\/pages\/1355","targetHints":{"allow":["GET"]}}],"collection":[{"href":"https:\/\/safyfly.com\/en\/wp-json\/wp\/v2\/pages"}],"about":[{"href":"https:\/\/safyfly.com\/en\/wp-json\/wp\/v2\/types\/page"}],"author":[{"embeddable":true,"href":"https:\/\/safyfly.com\/en\/wp-json\/wp\/v2\/users\/1"}],"replies":[{"embeddable":true,"href":"https:\/\/safyfly.com\/en\/wp-json\/wp\/v2\/comments?post=1355"}],"version-history":[{"count":31,"href":"https:\/\/safyfly.com\/en\/wp-json\/wp\/v2\/pages\/1355\/revisions"}],"predecessor-version":[{"id":2043,"href":"https:\/\/safyfly.com\/en\/wp-json\/wp\/v2\/pages\/1355\/revisions\/2043"}],"wp:attachment":[{"href":"https:\/\/safyfly.com\/en\/wp-json\/wp\/v2\/media?parent=1355"}],"curies":[{"name":"wp","href":"https:\/\/api.w.org\/{rel}","templated":true}]}}